{"id":2310,"date":"2025-12-28T05:07:39","date_gmt":"2025-12-28T05:07:39","guid":{"rendered":"https:\/\/bisque-trout-967043.hostingersite.com\/?page_id=2310"},"modified":"2026-01-01T04:53:17","modified_gmt":"2026-01-01T04:53:17","slug":"shipping-deliver","status":"publish","type":"page","link":"https:\/\/lumibead.com\/fr\/shipping-deliver\/","title":{"rendered":"Shipping &#038; Deliver"},"content":{"rendered":"<header class=\"section-header\">\n<header class=\"section-header\"><\/header>\n<div class=\"rte rte--nomargin\">\n<p><span style=\"font-size: 16px;\">We know you want your new lumibead jewelry ASAP (can\u2019t blame you!). We offer FREE standard shipping to most countries so you don&#8217;t need to pay for unnecessary shipping costs. Plus we use tracked shipping for all orders so you can see exactly where your order is anytime!<\/span><\/p>\n<\/div>\n<\/header>\n<div class=\"rte rte--nomargin\">\n<div>\n<p><b>Standard Shipping<\/b><\/p>\n<p>&nbsp;<\/p>\n<\/div>\n<div class=\"table-wrapper\">\n<table>\n<tbody>\n<tr>\n<td>Location<\/td>\n<td>Cost<\/td>\n<td>Processing<\/td>\n<td>Shipping Time<\/td>\n<\/tr>\n<tr>\n<td>US<\/td>\n<td>\u00a0Free Shipping<\/td>\n<td>1-2 days<\/td>\n<td>6-12 business days<\/td>\n<\/tr>\n<tr>\n<td>UK<\/td>\n<td>\n<div><\/div>\n<p>Free Shipping<\/td>\n<td>1-2 days<\/td>\n<td>5-9 business days<\/td>\n<\/tr>\n<tr>\n<td>CA<\/td>\n<td>\n<div><\/div>\n<p>Free Shipping<\/td>\n<td>1-2 days<\/td>\n<td>8-15 business days<\/td>\n<\/tr>\n<tr>\n<td>AU<\/td>\n<td>\n<div><\/div>\n<p>Free Shipping<\/td>\n<td>1-2 days<\/td>\n<td>7-12 business days<\/td>\n<\/tr>\n<tr>\n<td>EU<\/td>\n<td>\n<div><\/div>\n<p>Free Shipping<\/td>\n<td>1-2 days<\/td>\n<td>8-15 business days depending on country<\/td>\n<\/tr>\n<tr>\n<td>Rest of World*<\/td>\n<td>\u00a0Free Shipping<\/td>\n<td>1-2 days<\/td>\n<td>8-15 business days<\/td>\n<\/tr>\n<\/tbody>\n<\/table>\n<\/div>\n<p><b>Note:<\/b>\u00a0<i>Orders are processed 7 days a week, but they can only be shipped out\u00a0<\/i><b><i>Monday through Friday<\/i><\/b><i>.\u00a0<\/i><i><\/i><\/p>\n<p>&nbsp;<\/p>\n<p><i>*We are unable to offer free shipping to the following countries, shipping fees are calculated at checkout:<\/i><\/p>\n<p><i>South Africa, Algeria, Benin, Burkina Faso, Burundi, Cape Verde, Central African Republic, Chad, Comoros, C\u00f4te d\u2019Ivoire, Djibouti, Equatorial Guinea, Eritrea, Eswatini, Ethiopia, Gabon, Gambia, Ghana, Guinea, Guinea-Bissau, Lesotho, Libya, Madagascar, Mauritania, Mauritius, Morocco, Mozambique, Niger, Nigeria, Cameroon, St. Helena, S\u00e3o Tom\u00e9 &amp; Pr\u00edncipe, Senegal, Sierra Leone, Sudan, Tanzania, Togo, Tunisia, Uganda, Western Sahara, Zambia, Zimbabwe, Brazil, Caribbean Netherlands, Colombia, French Guiana, Guyana, Paraguay, Suriname, Venezuela, Myanmar (Burma), Yemen, Hong Kong SAR, Israel, Bahrain, Saudi Arabia, United Arab Emirates, Lebanon, Oman, Kuwait, Qatar.<\/i><\/p>\n<\/div>","protected":false},"excerpt":{"rendered":"<p>We know you want your new lumibead jewelry ASAP (can\u2019t blame you!). We offer FREE standard shipping to most countries so you don&#8217;t need to pay for unnecessary shipping costs. Plus we use tracked shipping for all orders so you can see exactly where your order is anytime! Standard Shipping &nbsp; Location Cost Processing Shipping [&hellip;]<\/p>","protected":false},"author":1,"featured_media":0,"parent":0,"menu_order":0,"comment_status":"closed","ping_status":"closed","template":"","meta":{"footnotes":""},"class_list":["post-2310","page","type-page","status-publish","hentry"],"blocksy_meta":[],"yoast_head":"<!-- This site is optimized with the Yoast SEO plugin v26.6 - https:\/\/yoast.com\/wordpress\/plugins\/seo\/ -->\n<title>Shipping &amp; Deliver - LumiBead Fine Jewelry<\/title>\n<meta name=\"robots\" content=\"index, follow, max-snippet:-1, max-image-preview:large, max-video-preview:-1\" \/>\n<link rel=\"canonical\" href=\"https:\/\/lumibead.com\/fr\/shipping-deliver\/\" \/>\n<meta property=\"og:locale\" content=\"fr_CA\" \/>\n<meta property=\"og:type\" content=\"article\" \/>\n<meta property=\"og:title\" content=\"Shipping &amp; Deliver - LumiBead Fine Jewelry\" \/>\n<meta property=\"og:description\" content=\"We know you want your new lumibead jewelry ASAP (can\u2019t blame you!). We offer FREE standard shipping to most countries so you don&#8217;t need to pay for unnecessary shipping costs. Plus we use tracked shipping for all orders so you can see exactly where your order is anytime! Standard Shipping &nbsp; Location Cost Processing Shipping [&hellip;]\" \/>\n<meta property=\"og:url\" content=\"https:\/\/lumibead.com\/fr\/shipping-deliver\/\" \/>\n<meta property=\"og:site_name\" content=\"LumiBead Fine Jewelry\" \/>\n<meta property=\"article:modified_time\" content=\"2026-01-01T04:53:17+00:00\" \/>\n<meta name=\"twitter:card\" content=\"summary_large_image\" \/>\n<meta name=\"twitter:label1\" content=\"Estimation du temps de lecture\" \/>\n\t<meta name=\"twitter:data1\" content=\"1 minute\" \/>\n<script type=\"application\/ld+json\" class=\"yoast-schema-graph\">{\"@context\":\"https:\/\/schema.org\",\"@graph\":[{\"@type\":\"WebPage\",\"@id\":\"https:\/\/lumibead.com\/fr\/shipping-deliver\/\",\"url\":\"https:\/\/lumibead.com\/fr\/shipping-deliver\/\",\"name\":\"Shipping & Deliver - LumiBead Fine Jewelry\",\"isPartOf\":{\"@id\":\"https:\/\/bisque-trout-967043.hostingersite.com\/#website\"},\"datePublished\":\"2025-12-28T05:07:39+00:00\",\"dateModified\":\"2026-01-01T04:53:17+00:00\",\"breadcrumb\":{\"@id\":\"https:\/\/lumibead.com\/fr\/shipping-deliver\/#breadcrumb\"},\"inLanguage\":\"fr-CA\",\"potentialAction\":[{\"@type\":\"ReadAction\",\"target\":[\"https:\/\/lumibead.com\/fr\/shipping-deliver\/\"]}]},{\"@type\":\"BreadcrumbList\",\"@id\":\"https:\/\/lumibead.com\/fr\/shipping-deliver\/#breadcrumb\",\"itemListElement\":[{\"@type\":\"ListItem\",\"position\":1,\"name\":\"\u9996\u9875\",\"item\":\"https:\/\/bisque-trout-967043.hostingersite.com\/\"},{\"@type\":\"ListItem\",\"position\":2,\"name\":\"Shipping &#038; Deliver\"}]},{\"@type\":\"WebSite\",\"@id\":\"https:\/\/bisque-trout-967043.hostingersite.com\/#website\",\"url\":\"https:\/\/bisque-trout-967043.hostingersite.com\/\",\"name\":\"LumiBead Fine Jewelry\",\"description\":\"Timeless beads and jewelry crafted to elevate your style.\",\"publisher\":{\"@id\":\"https:\/\/bisque-trout-967043.hostingersite.com\/#organization\"},\"potentialAction\":[{\"@type\":\"SearchAction\",\"target\":{\"@type\":\"EntryPoint\",\"urlTemplate\":\"https:\/\/bisque-trout-967043.hostingersite.com\/?s={search_term_string}\"},\"query-input\":{\"@type\":\"PropertyValueSpecification\",\"valueRequired\":true,\"valueName\":\"search_term_string\"}}],\"inLanguage\":\"fr-CA\"},{\"@type\":\"Organization\",\"@id\":\"https:\/\/bisque-trout-967043.hostingersite.com\/#organization\",\"name\":\"LumiBead Fine Jewelry\",\"url\":\"https:\/\/bisque-trout-967043.hostingersite.com\/\",\"logo\":{\"@type\":\"ImageObject\",\"inLanguage\":\"fr-CA\",\"@id\":\"https:\/\/bisque-trout-967043.hostingersite.com\/#\/schema\/logo\/image\/\",\"url\":\"https:\/\/lumibead.com\/wp-content\/uploads\/2025\/12\/9252b7bb82d17be43d55bb1c22843d70-1-1.png\",\"contentUrl\":\"https:\/\/lumibead.com\/wp-content\/uploads\/2025\/12\/9252b7bb82d17be43d55bb1c22843d70-1-1.png\",\"width\":900,\"height\":900,\"caption\":\"LumiBead Fine Jewelry\"},\"image\":{\"@id\":\"https:\/\/bisque-trout-967043.hostingersite.com\/#\/schema\/logo\/image\/\"}}]}<\/script>\n<!-- \/ Yoast SEO plugin. -->","yoast_head_json":{"title":"Shipping & Deliver - LumiBead Fine Jewelry","robots":{"index":"index","follow":"follow","max-snippet":"max-snippet:-1","max-image-preview":"max-image-preview:large","max-video-preview":"max-video-preview:-1"},"canonical":"https:\/\/lumibead.com\/fr\/shipping-deliver\/","og_locale":"fr_CA","og_type":"article","og_title":"Shipping & Deliver - LumiBead Fine Jewelry","og_description":"We know you want your new lumibead jewelry ASAP (can\u2019t blame you!). We offer FREE standard shipping to most countries so you don&#8217;t need to pay for unnecessary shipping costs. Plus we use tracked shipping for all orders so you can see exactly where your order is anytime! Standard Shipping &nbsp; Location Cost Processing Shipping [&hellip;]","og_url":"https:\/\/lumibead.com\/fr\/shipping-deliver\/","og_site_name":"LumiBead Fine Jewelry","article_modified_time":"2026-01-01T04:53:17+00:00","twitter_card":"summary_large_image","twitter_misc":{"Estimation du temps de lecture":"1 minute"},"schema":{"@context":"https:\/\/schema.org","@graph":[{"@type":"WebPage","@id":"https:\/\/lumibead.com\/fr\/shipping-deliver\/","url":"https:\/\/lumibead.com\/fr\/shipping-deliver\/","name":"Shipping & Deliver - LumiBead Fine Jewelry","isPartOf":{"@id":"https:\/\/bisque-trout-967043.hostingersite.com\/#website"},"datePublished":"2025-12-28T05:07:39+00:00","dateModified":"2026-01-01T04:53:17+00:00","breadcrumb":{"@id":"https:\/\/lumibead.com\/fr\/shipping-deliver\/#breadcrumb"},"inLanguage":"fr-CA","potentialAction":[{"@type":"ReadAction","target":["https:\/\/lumibead.com\/fr\/shipping-deliver\/"]}]},{"@type":"BreadcrumbList","@id":"https:\/\/lumibead.com\/fr\/shipping-deliver\/#breadcrumb","itemListElement":[{"@type":"ListItem","position":1,"name":"\u9996\u9875","item":"https:\/\/bisque-trout-967043.hostingersite.com\/"},{"@type":"ListItem","position":2,"name":"Shipping &#038; Deliver"}]},{"@type":"WebSite","@id":"https:\/\/bisque-trout-967043.hostingersite.com\/#website","url":"https:\/\/bisque-trout-967043.hostingersite.com\/","name":"LumiBead Fine Jewelry","description":"Timeless beads and jewelry crafted to elevate your style.","publisher":{"@id":"https:\/\/bisque-trout-967043.hostingersite.com\/#organization"},"potentialAction":[{"@type":"SearchAction","target":{"@type":"EntryPoint","urlTemplate":"https:\/\/bisque-trout-967043.hostingersite.com\/?s={search_term_string}"},"query-input":{"@type":"PropertyValueSpecification","valueRequired":true,"valueName":"search_term_string"}}],"inLanguage":"fr-CA"},{"@type":"Organization","@id":"https:\/\/bisque-trout-967043.hostingersite.com\/#organization","name":"LumiBead Fine Jewelry","url":"https:\/\/bisque-trout-967043.hostingersite.com\/","logo":{"@type":"ImageObject","inLanguage":"fr-CA","@id":"https:\/\/bisque-trout-967043.hostingersite.com\/#\/schema\/logo\/image\/","url":"https:\/\/lumibead.com\/wp-content\/uploads\/2025\/12\/9252b7bb82d17be43d55bb1c22843d70-1-1.png","contentUrl":"https:\/\/lumibead.com\/wp-content\/uploads\/2025\/12\/9252b7bb82d17be43d55bb1c22843d70-1-1.png","width":900,"height":900,"caption":"LumiBead Fine Jewelry"},"image":{"@id":"https:\/\/bisque-trout-967043.hostingersite.com\/#\/schema\/logo\/image\/"}}]}},"_links":{"self":[{"href":"https:\/\/lumibead.com\/fr\/wp-json\/wp\/v2\/pages\/2310","targetHints":{"allow":["GET"]}}],"collection":[{"href":"https:\/\/lumibead.com\/fr\/wp-json\/wp\/v2\/pages"}],"about":[{"href":"https:\/\/lumibead.com\/fr\/wp-json\/wp\/v2\/types\/page"}],"author":[{"embeddable":true,"href":"https:\/\/lumibead.com\/fr\/wp-json\/wp\/v2\/users\/1"}],"replies":[{"embeddable":true,"href":"https:\/\/lumibead.com\/fr\/wp-json\/wp\/v2\/comments?post=2310"}],"version-history":[{"count":5,"href":"https:\/\/lumibead.com\/fr\/wp-json\/wp\/v2\/pages\/2310\/revisions"}],"predecessor-version":[{"id":3254,"href":"https:\/\/lumibead.com\/fr\/wp-json\/wp\/v2\/pages\/2310\/revisions\/3254"}],"wp:attachment":[{"href":"https:\/\/lumibead.com\/fr\/wp-json\/wp\/v2\/media?parent=2310"}],"curies":[{"name":"wp","href":"https:\/\/api.w.org\/{rel}","templated":true}]}}