{"id":2308,"date":"2025-12-28T05:06:14","date_gmt":"2025-12-28T05:06:14","guid":{"rendered":"https:\/\/bisque-trout-967043.hostingersite.com\/?page_id=2308"},"modified":"2025-12-30T10:02:32","modified_gmt":"2025-12-30T10:02:32","slug":"shipping-policy","status":"publish","type":"page","link":"https:\/\/lumibead.com\/fr\/shipping-policy\/","title":{"rendered":"Shipping policy"},"content":{"rendered":"<p data-start=\"0\" data-end=\"48\">Here\u2019s the translation in English for your text:<\/p>\n<hr data-start=\"50\" data-end=\"53\" \/>\n<p data-start=\"55\" data-end=\"204\">Here are the answers to some of our frequently asked questions. If you can&#8217;t find the answer you&#8217;re looking for, feel free to send us a message here.<\/p>\n<p data-start=\"206\" data-end=\"583\"><strong data-start=\"206\" data-end=\"238\">How Long Does Delivery Take?<\/strong><br data-start=\"238\" data-end=\"241\" \/>We know you want to receive your Beautiful Earth Boutique jewelry as soon as possible (we completely understand!). We offer free standard shipping on all orders for U.S. customers, so you don\u2019t have to pay for additional shipping costs. Plus, all of our orders are shipped with tracking, so you can check the status of your order at any time!<\/p>\n<p data-start=\"585\" data-end=\"606\"><strong data-start=\"585\" data-end=\"606\">Standard Shipping<\/strong><\/p>\n<div class=\"table-wrapper\">\n<table style=\"height: 482px;\" width=\"637\">\n<tbody>\n<tr>\n<td>Location<\/td>\n<td>Cost<\/td>\n<td>Processing<\/td>\n<td>Shipping Time<\/td>\n<\/tr>\n<tr>\n<td>US<\/td>\n<td>Free Shipping<\/td>\n<td>1-2 days<\/td>\n<td>6-12 business days<\/td>\n<\/tr>\n<tr>\n<td>UK<\/td>\n<td>\n<div><\/div>\n<p>Free Shipping<\/td>\n<td>1-2 days<\/td>\n<td>5-12business days<\/td>\n<\/tr>\n<tr>\n<td>CA<\/td>\n<td>\n<div><\/div>\n<p>Free Shipping<\/td>\n<td>1-2 days<\/td>\n<td>8-15 business days<\/td>\n<\/tr>\n<tr>\n<td>AU<\/td>\n<td>\n<div><\/div>\n<p>Free Shipping<\/td>\n<td>1-2 days<\/td>\n<td>7-13 business days<\/td>\n<\/tr>\n<tr>\n<td>EU<\/td>\n<td>\n<div><\/div>\n<p>Free Shipping<\/td>\n<td>1-2 days<\/td>\n<td>8-15 business days depending on\u00a0country<\/td>\n<\/tr>\n<tr>\n<td>Rest of World*<\/td>\n<td>\u00a0Free Shipping<\/td>\n<td>1-2 days<\/td>\n<td>8-15 business days<\/td>\n<\/tr>\n<\/tbody>\n<\/table>\n<\/div>\n<p><b>Note:<\/b>\u00a0<i>Orders are processed 7 days a week, but they can only be shipped out\u00a0<\/i><b><i>Monday through Friday<\/i><\/b><i>.\u00a0<\/i><\/p>\n<p><i>During holiday periods like Black Friday, Cyber Monday &amp; Christmas there might be a slight increase in shipping time due to the high demand and orders placed.<\/i><\/p>\n<p><i>*We are unable to offer free shipping to the following countries, shipping fees are calculated at checkout:\u00a0<\/i><\/p>\n<p><i>South Africa, Algeria, Benin, Burkina Faso, Burundi, Cape Verde, Central African Republic, Chad, Comoros, C\u00f4te d\u2019Ivoire, Djibouti, Equatorial Guinea, Eritrea, Eswatini, Ethiopia, Gabon, Gambia, Ghana, Guinea, Guinea-Bissau, Lesotho, Libya, Madagascar, Malawi, Mauritania, Mauritius, Morocco, Mozambique, Niger, Nigeria, Cameroon, St. Helena, S\u00e3o Tom\u00e9 &amp; Pr\u00edncipe, Senegal, Sierra Leone, Sudan, Tanzania, Togo, Tunisia, Uganda, Western Sahara, Zambia, Zimbabwe, Brazil, Caribbean Netherlands, Colombia, French Guiana, Guyana, Paraguay, Suriname, Venezuela, Myanmar (Burma), Yemen, Hong Kong SAR, Israel,\u00a0Bahrain, Saudi Arabia, United Arab Emirates, Lebanon, Oman,\u00a0Kuwait, Qatar.<\/i><\/p>\n<p><strong>Do You Deliver Products Internationally?<br \/>\n<\/strong>We offer free shipping to most countries around the world.<\/p>\n<p>Unfortunately, we are unable to ship to these countries:<br \/>\nAfghanistan, Algeria, Angola, Aruba, Ascension Island, Bangladesh, Belize, Bolivia, Botswana, Cayman Islands, Chile, Cook Islands, Ecuador, Egypt, El Salvador, French Polynesia, Gibraltar, Greenland, Guernsey, Honduras, India, Iraq, Kosovo, Lebanon, Malawi, Maldives, Martinique, Mongolia, Montenegro, Nepal, New Caledonia, North Macedonia, Pakistan, Palestinian Territories, Panama, Peru, Philippines, Serbia, Seychelles, Somalia, South Sudan, Sri Lanka, Trinidad &amp; Tobago and Tristan da Cunha.<\/p>\n<p><strong>How Secure Is My Personal Information?<br \/>\n<\/strong>lumibead adheres to highest industry standards in order to protect your personal information with the best security solutions. Your credit card information and personal details are encrypted during transmission using SSL (secure socket layer technology), which is widely used on the Internet for processing payments safely.<\/p>\n<p><strong>Can I Amend My Order?<br \/>\n<\/strong>We work super quick at processing orders to make sure you receive them as soon as possible. You can amend your order as much as you like before you click \u201ccomplete order\u201d but after this you may not be able to make amendments. However, please contact us\u00a0<u><a href=\"https:\/\/lumibead.com\/fr\/contact\/\" target=\"_self\">here<\/a><\/u>\u00a0as soon as possible\u00a0to see if it is possible to amend your order.<\/p>\n<p><b>Can I Cancel My Order?<br \/>\n<\/b>If you wish to cancel your order contact us\u00a0<a href=\"https:\/\/lumibead.com\/fr\/contact\/\"><u>here<\/u><\/a>\u00a0and we will do our best to help you with your request.<\/p>\n<p><strong>I Have Entered An Incorrect Address!<br \/>\n<\/strong>If you have misspelled or auto-filled your address incorrectly, please contact\u00a0us ASAP\u00a0<u><a href=\"https:\/\/lumibead.com\/fr\/contact\/\" target=\"_self\">here<\/a><\/u>\u00a0and provide your new address.<\/p>\n<p><strong>What If My Parcel Is Delayed?<br \/>\n<\/strong>In very rare occasions, the delivery may take longer than the standard shipping time stated above. Most of the delays are caused by the customs, that, unfortunately, we can\u2019t control. But don&#8217;t worry, we will make sure that you get your parcel \ud83d\ude42<\/p>\n<p>If for any reason, your parcel is lost, we will always offer to ship you a new one completely free of charge or give you a refund (whatever you prefer) &#8211; simply contact us\u00a0<a href=\"https:\/\/lumibead.com\/fr\/contact\/\"><u>here<\/u><\/a>.<\/p>\n<p><strong>Will My Items Come Together?<br \/>\n<\/strong>We strive to only ship complete orders. However, in particular cases, your order can be split into several packages. This is mainly caused by different supply warehouse\u2019s locations. In this case, you will be provided with two or more tracking numbers. Don&#8217;t panic if you don&#8217;t receive all of your items at once\u2026they will get to you! \ud83d\ude42<\/p>\n<div class=\"sc-pVTFL cZzoXH pf-78_\"><strong>Do I Need To Pay Custom Fees?\u00a0<\/strong><\/div>\n<p>In most cases customs fees do not apply. In some rare cases, you may be charged for handling fees and taxes as your order passes through customs. Any charges on a parcel must be paid by the person receiving the parcel (this also applies to retail &amp; wholesale customers). Unfortunately, we have no control over these charges and we can\u2019t tell you what the cost would be, as customs policies and import duties vary widely from country to country.<\/p>\n<p><strong>Can I Return My Order?<br \/>\n<\/strong>If you would like to return your jewelry, please email pengh725@gmail.com to arrange a return. Our refund policy lasts 30 days so please let us know within 30 days of receiving the item, if you would like to return it and we will issue you a full refund so you can shop carefree.<\/p>\n<p><strong>My Item Arrived Damaged!<br \/>\n<\/strong>Firstly, we are so sorry to hear this! We do ship all orders with bubble bags and gift boxes to protect the jewelry but in the rare cases your item(s) arrived damaged, please email us at pengh725@gmail.com and we will immediately ship you a new order completely free of charge.<\/p>\n<p><strong>How is the jewelry packaged?<br \/>\n<\/strong>Firstly, we are so sorry to hear this! We do ship all orders with bubble\u00a0bags and gift boxes to protect the jewelry\u00a0but in the rare cases\u00a0your item(s) arrived damaged, please<br \/>\ncontact us\u00a0<a href=\"https:\/\/lumibead.com\/fr\/contact\/\"><u>here<\/u><\/a>\u00a0and we will immediately ship you a new order completely free of charge.<\/p>\n<div><strong>I have a question that was not answered, can you please help?<br \/>\n<\/strong>If we still haven&#8217;t managed to answer your question please feel free to<a href=\"https:\/\/lumibead.com\/fr\/contact\/\">\u00a0<\/a><a href=\"https:\/\/beautifulearthboutique.com\/pages\/contact-us\"><b>contact us.<\/b><\/a><\/div>","protected":false},"excerpt":{"rendered":"<p>Here\u2019s the translation in English for your text: Here are the answers to some of our frequently asked questions. If you can&#8217;t find the answer you&#8217;re looking for, feel free to send us a message here. How Long Does Delivery Take?We know you want to receive your Beautiful Earth Boutique jewelry as soon as possible [&hellip;]<\/p>","protected":false},"author":1,"featured_media":0,"parent":0,"menu_order":0,"comment_status":"closed","ping_status":"closed","template":"","meta":{"footnotes":""},"class_list":["post-2308","page","type-page","status-publish","hentry"],"blocksy_meta":[],"yoast_head":"<!-- This site is optimized with the Yoast SEO plugin v26.6 - https:\/\/yoast.com\/wordpress\/plugins\/seo\/ -->\n<title>Shipping policy - LumiBead Fine Jewelry<\/title>\n<meta name=\"robots\" content=\"index, follow, max-snippet:-1, max-image-preview:large, max-video-preview:-1\" \/>\n<link rel=\"canonical\" href=\"https:\/\/lumibead.com\/fr\/shipping-policy\/\" \/>\n<meta property=\"og:locale\" content=\"fr_CA\" \/>\n<meta property=\"og:type\" content=\"article\" \/>\n<meta property=\"og:title\" content=\"Shipping policy - LumiBead Fine Jewelry\" \/>\n<meta property=\"og:description\" content=\"Here\u2019s the translation in English for your text: Here are the answers to some of our frequently asked questions. If you can&#8217;t find the answer you&#8217;re looking for, feel free to send us a message here. How Long Does Delivery Take?We know you want to receive your Beautiful Earth Boutique jewelry as soon as possible [&hellip;]\" \/>\n<meta property=\"og:url\" content=\"https:\/\/lumibead.com\/fr\/shipping-policy\/\" \/>\n<meta property=\"og:site_name\" content=\"LumiBead Fine Jewelry\" \/>\n<meta property=\"article:modified_time\" content=\"2025-12-30T10:02:32+00:00\" \/>\n<meta name=\"twitter:card\" content=\"summary_large_image\" \/>\n<meta name=\"twitter:label1\" content=\"Estimation du temps de lecture\" \/>\n\t<meta name=\"twitter:data1\" content=\"5 minutes\" \/>\n<script type=\"application\/ld+json\" class=\"yoast-schema-graph\">{\"@context\":\"https:\/\/schema.org\",\"@graph\":[{\"@type\":\"WebPage\",\"@id\":\"https:\/\/lumibead.com\/fr\/shipping-policy\/\",\"url\":\"https:\/\/lumibead.com\/fr\/shipping-policy\/\",\"name\":\"Shipping policy - LumiBead Fine Jewelry\",\"isPartOf\":{\"@id\":\"https:\/\/bisque-trout-967043.hostingersite.com\/#website\"},\"datePublished\":\"2025-12-28T05:06:14+00:00\",\"dateModified\":\"2025-12-30T10:02:32+00:00\",\"breadcrumb\":{\"@id\":\"https:\/\/lumibead.com\/fr\/shipping-policy\/#breadcrumb\"},\"inLanguage\":\"fr-CA\",\"potentialAction\":[{\"@type\":\"ReadAction\",\"target\":[\"https:\/\/lumibead.com\/fr\/shipping-policy\/\"]}]},{\"@type\":\"BreadcrumbList\",\"@id\":\"https:\/\/lumibead.com\/fr\/shipping-policy\/#breadcrumb\",\"itemListElement\":[{\"@type\":\"ListItem\",\"position\":1,\"name\":\"\u9996\u9875\",\"item\":\"https:\/\/bisque-trout-967043.hostingersite.com\/\"},{\"@type\":\"ListItem\",\"position\":2,\"name\":\"Shipping policy\"}]},{\"@type\":\"WebSite\",\"@id\":\"https:\/\/bisque-trout-967043.hostingersite.com\/#website\",\"url\":\"https:\/\/bisque-trout-967043.hostingersite.com\/\",\"name\":\"LumiBead Fine Jewelry\",\"description\":\"Timeless beads and jewelry crafted to elevate your style.\",\"publisher\":{\"@id\":\"https:\/\/bisque-trout-967043.hostingersite.com\/#organization\"},\"potentialAction\":[{\"@type\":\"SearchAction\",\"target\":{\"@type\":\"EntryPoint\",\"urlTemplate\":\"https:\/\/bisque-trout-967043.hostingersite.com\/?s={search_term_string}\"},\"query-input\":{\"@type\":\"PropertyValueSpecification\",\"valueRequired\":true,\"valueName\":\"search_term_string\"}}],\"inLanguage\":\"fr-CA\"},{\"@type\":\"Organization\",\"@id\":\"https:\/\/bisque-trout-967043.hostingersite.com\/#organization\",\"name\":\"LumiBead Fine Jewelry\",\"url\":\"https:\/\/bisque-trout-967043.hostingersite.com\/\",\"logo\":{\"@type\":\"ImageObject\",\"inLanguage\":\"fr-CA\",\"@id\":\"https:\/\/bisque-trout-967043.hostingersite.com\/#\/schema\/logo\/image\/\",\"url\":\"https:\/\/lumibead.com\/wp-content\/uploads\/2025\/12\/9252b7bb82d17be43d55bb1c22843d70-1-1.png\",\"contentUrl\":\"https:\/\/lumibead.com\/wp-content\/uploads\/2025\/12\/9252b7bb82d17be43d55bb1c22843d70-1-1.png\",\"width\":900,\"height\":900,\"caption\":\"LumiBead Fine Jewelry\"},\"image\":{\"@id\":\"https:\/\/bisque-trout-967043.hostingersite.com\/#\/schema\/logo\/image\/\"}}]}<\/script>\n<!-- \/ Yoast SEO plugin. -->","yoast_head_json":{"title":"Shipping policy - LumiBead Fine Jewelry","robots":{"index":"index","follow":"follow","max-snippet":"max-snippet:-1","max-image-preview":"max-image-preview:large","max-video-preview":"max-video-preview:-1"},"canonical":"https:\/\/lumibead.com\/fr\/shipping-policy\/","og_locale":"fr_CA","og_type":"article","og_title":"Shipping policy - LumiBead Fine Jewelry","og_description":"Here\u2019s the translation in English for your text: Here are the answers to some of our frequently asked questions. If you can&#8217;t find the answer you&#8217;re looking for, feel free to send us a message here. How Long Does Delivery Take?We know you want to receive your Beautiful Earth Boutique jewelry as soon as possible [&hellip;]","og_url":"https:\/\/lumibead.com\/fr\/shipping-policy\/","og_site_name":"LumiBead Fine Jewelry","article_modified_time":"2025-12-30T10:02:32+00:00","twitter_card":"summary_large_image","twitter_misc":{"Estimation du temps de lecture":"5 minutes"},"schema":{"@context":"https:\/\/schema.org","@graph":[{"@type":"WebPage","@id":"https:\/\/lumibead.com\/fr\/shipping-policy\/","url":"https:\/\/lumibead.com\/fr\/shipping-policy\/","name":"Shipping policy - LumiBead Fine Jewelry","isPartOf":{"@id":"https:\/\/bisque-trout-967043.hostingersite.com\/#website"},"datePublished":"2025-12-28T05:06:14+00:00","dateModified":"2025-12-30T10:02:32+00:00","breadcrumb":{"@id":"https:\/\/lumibead.com\/fr\/shipping-policy\/#breadcrumb"},"inLanguage":"fr-CA","potentialAction":[{"@type":"ReadAction","target":["https:\/\/lumibead.com\/fr\/shipping-policy\/"]}]},{"@type":"BreadcrumbList","@id":"https:\/\/lumibead.com\/fr\/shipping-policy\/#breadcrumb","itemListElement":[{"@type":"ListItem","position":1,"name":"\u9996\u9875","item":"https:\/\/bisque-trout-967043.hostingersite.com\/"},{"@type":"ListItem","position":2,"name":"Shipping policy"}]},{"@type":"WebSite","@id":"https:\/\/bisque-trout-967043.hostingersite.com\/#website","url":"https:\/\/bisque-trout-967043.hostingersite.com\/","name":"LumiBead Fine Jewelry","description":"Timeless beads and jewelry crafted to elevate your style.","publisher":{"@id":"https:\/\/bisque-trout-967043.hostingersite.com\/#organization"},"potentialAction":[{"@type":"SearchAction","target":{"@type":"EntryPoint","urlTemplate":"https:\/\/bisque-trout-967043.hostingersite.com\/?s={search_term_string}"},"query-input":{"@type":"PropertyValueSpecification","valueRequired":true,"valueName":"search_term_string"}}],"inLanguage":"fr-CA"},{"@type":"Organization","@id":"https:\/\/bisque-trout-967043.hostingersite.com\/#organization","name":"LumiBead Fine Jewelry","url":"https:\/\/bisque-trout-967043.hostingersite.com\/","logo":{"@type":"ImageObject","inLanguage":"fr-CA","@id":"https:\/\/bisque-trout-967043.hostingersite.com\/#\/schema\/logo\/image\/","url":"https:\/\/lumibead.com\/wp-content\/uploads\/2025\/12\/9252b7bb82d17be43d55bb1c22843d70-1-1.png","contentUrl":"https:\/\/lumibead.com\/wp-content\/uploads\/2025\/12\/9252b7bb82d17be43d55bb1c22843d70-1-1.png","width":900,"height":900,"caption":"LumiBead Fine Jewelry"},"image":{"@id":"https:\/\/bisque-trout-967043.hostingersite.com\/#\/schema\/logo\/image\/"}}]}},"_links":{"self":[{"href":"https:\/\/lumibead.com\/fr\/wp-json\/wp\/v2\/pages\/2308","targetHints":{"allow":["GET"]}}],"collection":[{"href":"https:\/\/lumibead.com\/fr\/wp-json\/wp\/v2\/pages"}],"about":[{"href":"https:\/\/lumibead.com\/fr\/wp-json\/wp\/v2\/types\/page"}],"author":[{"embeddable":true,"href":"https:\/\/lumibead.com\/fr\/wp-json\/wp\/v2\/users\/1"}],"replies":[{"embeddable":true,"href":"https:\/\/lumibead.com\/fr\/wp-json\/wp\/v2\/comments?post=2308"}],"version-history":[{"count":4,"href":"https:\/\/lumibead.com\/fr\/wp-json\/wp\/v2\/pages\/2308\/revisions"}],"predecessor-version":[{"id":3245,"href":"https:\/\/lumibead.com\/fr\/wp-json\/wp\/v2\/pages\/2308\/revisions\/3245"}],"wp:attachment":[{"href":"https:\/\/lumibead.com\/fr\/wp-json\/wp\/v2\/media?parent=2308"}],"curies":[{"name":"wp","href":"https:\/\/api.w.org\/{rel}","templated":true}]}}